{"id":21,"date":"2012-01-24T23:44:05","date_gmt":"2012-01-24T22:44:05","guid":{"rendered":"http:\/\/intz.d-krebs.de\/?page_id=21"},"modified":"2017-03-09T19:10:17","modified_gmt":"2017-03-09T18:10:17","slug":"anfahrt","status":"publish","type":"page","link":"https:\/\/www.jugendhaus-neuenstadt.de\/?page_id=21","title":{"rendered":"Anfahrt"},"content":{"rendered":"<p style=\"text-align: center;\"><a href=\"https:\/\/www.jugendhaus-neuenstadt.de\/wp-content\/uploads\/2012\/01\/jugendhaus_anfahrt.gif\"><img loading=\"lazy\" decoding=\"async\" class=\"alignleft size-medium wp-image-128\" src=\"https:\/\/www.jugendhaus-neuenstadt.de\/wp-content\/uploads\/2012\/01\/jugendhaus_anfahrt-300x117.gif\" alt=\"\" width=\"300\" height=\"117\" srcset=\"https:\/\/www.jugendhaus-neuenstadt.de\/wp-content\/uploads\/2012\/01\/jugendhaus_anfahrt-300x117.gif 300w, https:\/\/www.jugendhaus-neuenstadt.de\/wp-content\/uploads\/2012\/01\/jugendhaus_anfahrt.gif 509w\" sizes=\"auto, (max-width: 300px) 100vw, 300px\" \/><\/a><\/p>\n<p>So finden Sie zu uns in die \u00d6hringer Str. 24 in 74196 Neuenstadt:<\/p>\n<p>Von der Autobahn:<br \/>\nnach der Abfahrt die n\u00e4chste M\u00f6glichkeit links Richtung Neuenstadt, durch den Kreisel geradeaus weiter Richtung Neuenstadt bis auf der linken Seite eine AVIA- Tankstelle kommt, das \u00fcbern\u00e4chste Haus (davor ein gro\u00dfer Parkplatz) ist das Jugendhaus Neuenstadt, der Eingang befindet sich auf der linken Seite<\/p>\n<p>von Heilbronn\/ Neckarsulm kommend:<br \/>\nam Ortseingang Neuenstadt an der Ampel geradeaus weiter, die n\u00e4chste M\u00f6glichkeit rechts abbiegen in die Hauptstra\u00dfe, dieser geradeaus folgen (durch den Torbogen, am Lindenplatz und an der Grundschule vorbei) bis auf der rechten Seite ein D\u00f6nerladen und ein gro\u00dfer Parkplatz kommt. Das Jugendhaus ist das nach hinten versetzte Haus, der Eingang befindet sich auf der linken Seite.<\/p>\n","protected":false},"excerpt":{"rendered":"<p>So finden Sie zu uns in die \u00d6hringer Str. 24 in 74196 Neuenstadt: Von der Autobahn: nach der Abfahrt die n\u00e4chste M\u00f6glichkeit links Richtung Neuenstadt, durch den Kreisel geradeaus weiter Richtung Neuenstadt bis auf der linken Seite eine AVIA- Tankstelle kommt, das \u00fcbern\u00e4chste Haus (davor ein gro\u00dfer Parkplatz) ist das Jugendhaus Neuenstadt, der Eingang befindet &hellip;<\/p>\n","protected":false},"author":1,"featured_media":0,"parent":47,"menu_order":9,"comment_status":"closed","ping_status":"closed","template":"","meta":{"footnotes":"","_links_to":"","_links_to_target":""},"class_list":["post-21","page","type-page","status-publish","hentry"],"_links":{"self":[{"href":"https:\/\/www.jugendhaus-neuenstadt.de\/index.php?rest_route=\/wp\/v2\/pages\/21","targetHints":{"allow":["GET"]}}],"collection":[{"href":"https:\/\/www.jugendhaus-neuenstadt.de\/index.php?rest_route=\/wp\/v2\/pages"}],"about":[{"href":"https:\/\/www.jugendhaus-neuenstadt.de\/index.php?rest_route=\/wp\/v2\/types\/page"}],"author":[{"embeddable":true,"href":"https:\/\/www.jugendhaus-neuenstadt.de\/index.php?rest_route=\/wp\/v2\/users\/1"}],"replies":[{"embeddable":true,"href":"https:\/\/www.jugendhaus-neuenstadt.de\/index.php?rest_route=%2Fwp%2Fv2%2Fcomments&post=21"}],"version-history":[{"count":10,"href":"https:\/\/www.jugendhaus-neuenstadt.de\/index.php?rest_route=\/wp\/v2\/pages\/21\/revisions"}],"predecessor-version":[{"id":862,"href":"https:\/\/www.jugendhaus-neuenstadt.de\/index.php?rest_route=\/wp\/v2\/pages\/21\/revisions\/862"}],"up":[{"embeddable":true,"href":"https:\/\/www.jugendhaus-neuenstadt.de\/index.php?rest_route=\/wp\/v2\/pages\/47"}],"wp:attachment":[{"href":"https:\/\/www.jugendhaus-neuenstadt.de\/index.php?rest_route=%2Fwp%2Fv2%2Fmedia&parent=21"}],"curies":[{"name":"wp","href":"https:\/\/api.w.org\/{rel}","templated":true}]}}