{"id":19,"date":"2012-01-24T23:40:34","date_gmt":"2012-01-24T22:40:34","guid":{"rendered":"http:\/\/intz.d-krebs.de\/?page_id=19"},"modified":"2017-03-09T19:17:27","modified_gmt":"2017-03-09T18:17:27","slug":"geschichte","status":"publish","type":"page","link":"https:\/\/www.jugendhaus-neuenstadt.de\/?page_id=19","title":{"rendered":"Geschichte"},"content":{"rendered":"<p>Das Ganze f\u00e4ngt mit den j\u00fcngsten vergangenen Aktionen an, also macht es durchaus Sinn, die Seite von unten nach oben zu lesen! (leider startet die Aufzeichnung erst 2007\u00a0 mit dem Umzug in die neuen R\u00e4ume in der \u00d6hringer Stra\u00dfe&#8230; aber wir arbeiten daran, auch \u00e4ltere Aktionen aufzulisten&#8230;)<\/p>\n<p><strong>Jahresvorstandsbericht 2016:<\/strong><\/p>\n<header class=\"entry-header\">\n<h2 class=\"entry-title\"><\/h2>\n<\/header>\n<p>Der Jugendf\u00f6rderverein Br\u00fccked\u00e4chle e.V. hat bei der Mitgliederversammlung am 16.11.2016 einen neuen Vorstand gew\u00e4hlt, dieser setzt sich wie folgt zusammen:<\/p>\n<p>S\u00f6ren Obernd\u00f6rfer \u2013 erster Vorsitzender<br \/>\nJan Kaltofen \u2013 stellvertretender Vorsitzender<br \/>\nMartin Trunk \u2013 Kassenwart<br \/>\nSimon R\u00e4tzer \u2013 Jugendvertreter<br \/>\nHeike Beer \u2013 Beisitzerin<br \/>\nSascha G\u00fcmbel \u2013 Beisitzer<br \/>\nLina Richter \u2013 Schriftf\u00fchrerin<\/p>\n<p>Es wurden einige Satzungs\u00e4nderungen beschlossen und damit auch die Aufgaben des Vereins erweitert.<\/p>\n<p><strong>Anbei der gek\u00fcrzte Jahresbericht von S\u00f6ren Obernd\u00f6rfer:<\/strong><br \/>\nDer Jugendf\u00f6rderverein Br\u00fccked\u00e4chle e.V. hat seit der letzten Mitgliederversammlung im Bereich Jugendarbeit wie auch in den letzten Jahren leider relativ wenig vorzuweisen.<br \/>\nDie Zusammenarbeit und Bindung mit dem Jugendreferat bezieht sich auf die offene Jugendarbeit mit Thekendiensten und der Einarbeitung von Jugendlichen.<br \/>\nLeider scheint es nach wie vor keine interessierten Jugendliche zu geben, welche hier Verantwortung \u00fcbernehmen m\u00f6chten.<\/p>\n<p>Der Verein hat aber auch erfreulichere Dinge zu berichten:<br \/>\nIn den letzten Wochen wurden die Internet-PCs im Jugendhaus auf Linux-Basis neu installiert und das Angebot wurde um einen PC erweitert. Damit sind wir mit Jugendschutzfiltern und dem Betriebssystem auf einem technischen Stand, der der Situation voll und ganz angemessen ist.<\/p>\n<p>Au\u00dferdem haben die Besucher des FabLabs in den Sommerferien nach dem Motto \u201eUnser Jugendhaus soll sch\u00f6ner werden\u201c den fr\u00fcher unbespielbaren Billardtisch mit einem neuen blauen Bezug repariert \u2013 ein gro\u00dfer Dank geht an alle, die sich hier konstruktiv eingebracht haben.<\/p>\n<p>Der einzige Programmpunkt, der vom Jugendf\u00f6rderverein durchgef\u00fchrt wurde und nicht in den Projektbereich FabLab f\u00e4llt, war die diesj\u00e4hrige LAN-Party. Mit 25 aktiven Spielern war diese auch die gr\u00f6\u00dfte, welche der Jugendf\u00f6rderverein je veranstaltet hat.<br \/>\nHier auch ein Dankesch\u00f6n an alle \u2013 vor allem, weil die LAN-Party auch sehr gesittet vonstatten ging.<\/p>\n<p>Die regelm\u00e4\u00dfigen Brettspielsonntage wurden im Winter 2015\/2016 leider nicht fortgef\u00fchrt, weil die Resonanz im Jahr zuvor leider sehr schwach war. Das Projekt pausiert im Moment. Falls sich in Zukunft genug interessierte Leute f\u00fcr Brettspiele finden, steht einer Wiederbelebung nichts im Weg.<\/p>\n<p>Kommen wir nun zum Punkt \u201eBericht des FabLabs\u201c:<br \/>\nDer Jugendf\u00f6rderverein hat durch die Einrichtung des FabLabs umso mehr Zulauf im letzten Jahr erhalten.<br \/>\nGestartet sind wir im M\u00e4rz 2015 mit anf\u00e4nglich zweiw\u00f6chigen Treffen dienstags und dem ersten Kinderferienprogramm hei\u00dfer Draht in den Sommerferien 2015. Im Herbst 2015 haben wir das FabLab und die dazugeh\u00f6rige \u00d6ffentlichkeitsarbeit weiterentwickelt.<br \/>\nEine eigene Facebook-Seite wurde eingerichtet und eine eigene Website erstellt.<\/p>\n<p>Anf\u00e4nglich gegr\u00fcndet von Martin, Timo und mir, sind ab Herbst auch neue Leute \u00fcber Mund-Zu-Mund-Propaganda zu uns gesto\u00dfen.<br \/>\nDas FabLab selbst finanziert sich derzeit ausschlie\u00dflich von Spenden und Dauerleihgaben.<br \/>\nUm hier gr\u00f6\u00dfere Schritte gehen zu k\u00f6nnen, wurde vom Jugendf\u00f6rderverein ein Werbebudget beschlossen, von dem Flyer angeschafft wurden. Dank der ehrenamtlichen Mitarbeit vieler Helfer wurde vorzeigbares Werbematerial zur Spendenakquise erstellt.<\/p>\n<p><strong>Ab Herbst 2015 gab es 3 Ziele im FabLab:<\/strong><br \/>\n\u2013 Erstellung professioneller Werbematerialien<br \/>\n\u2013 Weiterentwicklung des Kinderferienprogramms<br \/>\n\u2013 Stand beim Stadtfest Neuenstadt mit Anschauungsbeispielen.<\/p>\n<p>Durch die tatkr\u00e4ftige Mithilfe aller Besucher konnten so die ersten Gemeinschaftsprojekte fertig gestellt werden, welche wir als Ausstellungsst\u00fccke beim Stadtfest pr\u00e4sentieren konnten.<br \/>\nHier einen gro\u00dfen Dank an alle, die mitgeholfen haben. Anbei die Beispiele: Diskettenorgel, LED Tisch, Sanduhr, 3D Drucker u.v.m.<\/p>\n<p>Beim Stadtfest hatten wir am ersten Tag leider keine gute Standposition \u2013 aber dennoch einige Besucher an unserem Stand.<br \/>\nAm Sonntag, an dem auch deutlich mehr Andrang war, hatten wir einen neuen Standplatz bezogen, welcher auch eine deutlich gr\u00f6\u00dfere Besucherfrequenz hatte. So sind an diesem Tag dutzende Flyer ausgegeben worden.<br \/>\nZur Pr\u00e4sentation hatten wir hier auch zwei Roll-Up Displays angeschafft. damit man unseren Stand gut erkennen konnte.<\/p>\n<p><strong>Zu den Kinderferienprogrammen:<\/strong><br \/>\nWir wurden durch die spontane Idee zweier Besucherinnen dazu inspiriert, B\u00fcgelbilder mit eingebauten LEDs anzubieten. Nach ersten Versuche und Berechnungen im Jugendhaus entstand die Idee, diese ebenfalls im Kinderferienprogramm anzubieten.<\/p>\n<p>Zus\u00e4tzlich entwickelten wir im FabLab eine Miniorgel mit 8 Tasten, bei der Martin den Entwurf des Schaltplans \u00fcbernahm.<br \/>\nSo konnten wir mit einem ausgebuchten Kinderferienprogramm 3 verschiedene Workshops anbieten.<\/p>\n<p>Ebenfalls haben wir durch das Projekt \u201eChaos macht Schule\u201c 20 Baus\u00e4tze der sogenannten \u201eBlinkenrocket\u201c zur Verf\u00fcgung gestellt bekommen. Diese konnten wir auf dem Stadtfest und auch an unseren regul\u00e4ren \u00d6ffnungszeiten f\u00fcr alle Jugendliche kostenlos anbieten.<br \/>\nZwischenzeitlich haben wir nochmals 20 Baus\u00e4tze erhalten. Wer noch Jugendliche zwischen 11 und 20 Jahre kennt, die noch nicht gel\u00f6tet haben: Einfach mal bei uns Samstags vorbeischicken.<\/p>\n<p>Es gab ab 2016 auch vermehrt Kontakt mit der Stadtverwaltung und insb. Herrn B\u00fcrgermeister Heuser, bei dem ich im September bei einem pers\u00f6nlichen Gespr\u00e4ch unsere Konzeptionierung und unser Projekt vorgestellt habe.<\/p>\n<p>Im Oktober waren wir dann auch an der Ausbildungsmesse in der Helmbundschule mit einem Stand und 4 Leuten vertreten.<br \/>\nAuch hier haben wir, \u00e4hnlich wie beim Stadtfest, unser FabLab und unsere M\u00f6glichkeiten pr\u00e4sentiert.<\/p>\n<p>Im Juli gab es Gespr\u00e4che mit der Jule Neuenstadt um die Holzarbeiten. Alles, was staubt, kann zuk\u00fcnftig durch eine Mitnutzung in deren Holzwerkraum durchgef\u00fchrt werden.<br \/>\nNach Gespr\u00e4chen und R\u00fcckfragen haben wir vom Eigent\u00fcmer einen eigenen Schl\u00fcssel erhalten und freuen uns, in die Zusammenarbeit mit dem Friedenshort zu intensivieren.<br \/>\nHier auch einen Dank an Oliver Mauthe, der unser Ansprechpartner f\u00fcr den Raum ist.<\/p>\n<p>Desweiteren habe ich erreicht, dass wir bei Google und \u201eStifter helfen\u201c als Non-Profit-Organisation anerkannt wurden. Dadurch wird unsere technische Infrastruktur von Google gehostet, was auch zuk\u00fcnftig eine bessere Zusammenarbeit im Vorstand erm\u00f6glicht und auch unser Kalender ist zuk\u00fcnftig ein Organisationskalender.<\/p>\n<p>Ich habe mich au\u00dferdem um eine Softwarespende im Wert von fast 10.000\u20ac gek\u00fcmmert. Dadurch ist es jetzt m\u00f6glich, Solidworks 2017 bei uns kennenzulernen und Konstruktionen anzufertigen.<\/p>\n<p>Die Bekanntheit des FabLabs steigt weiter \u2013 wir sind inzwischen auch bei <a href=\"http:\/\/www.fablabs.io\/\">www.fablabs.io<\/a> und anderen Webseiten aufgef\u00fchrt.<\/p>\n<p>Das FabLab hat inzwischen 6 funktionierende PCs, welche alle genutzt werden k\u00f6nnen.<\/p>\n<p><strong>Ausblick 2017:<\/strong><br \/>\nEs soll ein Lasercutter angeschafft werden.<br \/>\nFundraising: Wir werden auf Firmen zugehen und um Zusammenarbeit werben.<br \/>\nAusarbeitung der AGB f\u00fcr das FabLab<br \/>\nWeihnachtsrock<br \/>\nWorkshop-Wochenende<br \/>\nJugenddisco (11-14 Jahre)<\/p>\n<p><strong><span style=\"font-size: medium;\">2011<\/span><\/strong><\/p>\n<p>14.09. Vorstandsitzung des Br\u00fccked\u00e4chle e.V.<\/p>\n<p>02.09. Ausflug in den Hochseilgarten<\/p>\n<p>22.07. Mitarbeit bei der Spa\u00dffabrik<\/p>\n<p>10.-13.06. Lan- Party im Jugendhaus<\/p>\n<p>14.05. Konzert im Jugendhaus<\/p>\n<p>29.04. Konzert im Jugendhaus<\/p>\n<p>22.-25.04. Lan- Party<\/p>\n<p>18.03. Mitternachtsturnier<\/p>\n<p>04.03. Faschings- Kinderdisco<\/p>\n<p>04.02. Mitternachtsturnier<\/p>\n<p>&nbsp;<\/p>\n<p><strong><span style=\"font-size: medium;\">2010<\/span><\/strong><\/p>\n<p>26.-30.12. Lan- Party<\/p>\n<p>07.12. Teilahme an der Mitgliedervollversammlung des Skjr Heilbronn<\/p>\n<p>27.11. Konzert im Jugendhaus<\/p>\n<p>25.10. Vorstandsitzung Br\u00fccked\u00e4chle<\/p>\n<p>29.10.-01.11. Lan- Party<br \/>\nmit Besuch interessierter Eltern \u00fcber das Cybermobbing- Projekt der Schulsozialarbeiter<\/p>\n<p>03.10. Sp\u00e4\u00dfle im Fabrikle\/ Tag des offenen Hauses<\/p>\n<p>10.07. Konzert im Jugendhaus<\/p>\n<p>23.06. Kinderkino<\/p>\n<p>03.-06.06. Lan- Party<\/p>\n<p>21.-22.05. Jugendhaus- \u00dcbernachtung<\/p>\n<p>19.05. Kinderkino<\/p>\n<p>15.05. Mitternachtsturnier<\/p>\n<p>21.04. Kinderkino<\/p>\n<p>24.03. Kinderkino<\/p>\n<p>19.03. Kinderdisco<\/p>\n<p>04.-07.03. Lan- Party<\/p>\n<p>02.03. Scheck\u00fcbergabe- Party mit EMG<\/p>\n<p>24.02. Kinderkino<\/p>\n<p>19.02. Kinderdisco<\/p>\n<p>06.02. Mitternachtsturnier<\/p>\n<p>29.01. Kinderdisco<\/p>\n<p>20.01. Kinderkino<\/p>\n<p>09.01. Konzert im Jugendhaus<\/p>\n<p>&nbsp;<\/p>\n<p><strong><span style=\"font-size: medium;\">2009<\/span><\/strong><\/p>\n<p>19.12. Kinderdisco<\/p>\n<p>16.12. Kinderkino<\/p>\n<p>04.-05.12. Jugendhaus- \u00dcbernachtung<\/p>\n<p>28.11. Kinderdisco<\/p>\n<p>18.11. Kinderkino<\/p>\n<p>09.11. Brettspielnacht<\/p>\n<p>31.10. Halloween- Kinderdisco<\/p>\n<p>21.10. Kinderkino<\/p>\n<p>11.10. Tag des offenen Hauses<\/p>\n<p>25.-27.09. Lan- Party<\/p>\n<p>24.07. Spa\u00dffabrik<\/p>\n<p>22.07. Kinderkino<\/p>\n<p>24.06. Kinderkino<\/p>\n<p>14.06. Vernissage Jugendkunstpreis<\/p>\n<p>06.-07.06. Jugendhaus- \u00dcbernachtung<\/p>\n<p>20.05. Kinderkino<\/p>\n<p>22.04. Kinderkino<\/p>\n<p>18.04. Brettspielnacht<\/p>\n<p>28.03. Herr der Ringe- Tag<\/p>\n<p>18.03. Kinderkino<\/p>\n<p>25.-26.02. Saft- Cocktailstand beim Betriebsfest von Carl &amp; Deininger<\/p>\n<p>18.02. Kinderkino<\/p>\n<p>21.01. Kinderkino<\/p>\n<p>09.01. Konzert im Jugendhaus<\/p>\n<p>&nbsp;<\/p>\n<p><strong><span style=\"font-size: medium;\">2008<\/span><\/strong><\/p>\n<p>26.-30.12. Lan- Party<\/p>\n<p>17.12. Kinderkino<\/p>\n<p>19.11. Kinderkino<\/p>\n<p>22.10. Kinderkino<\/p>\n<p>12.10. Tag des offenen Hauses<\/p>\n<p>03.-05.10. Lan- Party<\/p>\n<p>07.-08.09. Jugendhaus- \u00dcbernachtung<\/p>\n<p>04.-06.07. Seminar f\u00fcr ehrenamtliche Mitarbeiter und die, die es werden wollen in Utting am Ammersee<\/p>\n<p>28.-29.06. \u00dcbernachtung mit den Koch- Kindern im Jugendhaus mit Ausflug ins Trampolino, Grillen und Film schauen<\/p>\n<p>21.06. im Holiday- Park in Ha\u00dfloch<\/p>\n<p>Teilnahme am Stadtfest Neuenstadt mit einem Kinderschminkangebot in Kooperation mit den Freilichtspielen Neuenstadt am 25.05.2008<\/p>\n<p>Teilnahme am Nordic- Walking- Tag des TSV Neuenstadt am 04.05.2008 und Entgegennahme einer Spende \u00fcber 350\u20ac des TSV Neuenstadt<\/p>\n<p>am 26.04.2008 war Schw\u00e4bisch Metal Fest III<\/p>\n<p>eine Kreativtag gabs zwischendurch ; hier wurden Eggberts &amp; Co aus Filz hergestellt<\/p>\n<p>am 26.01.2008 war Schw\u00e4bisch Metal Fest II<\/p>\n<p>eine M\u00fcnchen- Freizeit gabs auch<\/p>\n<p>&nbsp;<\/p>\n<p><strong>2007<\/strong><\/p>\n<p>Und wieder ein Flohmarkt am 22.09.2007<\/p>\n<p>W\u00e4hrend den Sommerferien haben wir uns mit dem Spielmobil, Actionspielen, einer Lesenacht und den M\u00e4dchentagen am Sommerferienprogramm der Stadt Neuenstadt beteiligt (Bilder finden sich in der Bildergalerie)<\/p>\n<p>Einen Ausflug in kleiner Besetzung nach Tripsdrill und ins \u00d6hringer Freibad gabs auch<\/p>\n<p>Auch der Folhmarkt am 09.06.2007 kann hier leider nicht bildlich dargestellt werden&#8230;<\/p>\n<p>Alle Jugendlichen, die im Jugendhaus Mitarbeiter werden wollte, mussten an einem Seminar teilnehmen&#8230; (auch hier gibts mehr Bilder)<\/p>\n<p>seither besitzt das Jugendhaus auch einen Bandproberaum, der mt 3 Bands voll belegt ist<\/p>\n<p>09.06.2007 Flohmarkt<\/p>\n<p>27.04.2007 HipHop- Party im Jugendhaus<\/p>\n<p>23.03.2007 Konzert im Jugendhaus<\/p>\n<p>am 18.03.2007 die feierliche Einweihung der neuen R\u00e4ume mit anschlie\u00dfender Teenie- Disco (mehr Bilder in der Galerie)<\/p>\n<p>&nbsp;<\/p>\n<p><strong>2006<\/strong><\/p>\n<p>28.-29.07.2006 Spa\u00dffabrik mit HipHop- Konzert und Rockompott<\/p>\n<p>04.-06.2006 Lan- Party im Jugendtreff<\/p>\n<p>05.09.2006 Ferienprogramm Spielmobil<\/p>\n<p>06.-07.2006 Ferienprogramm Lesenacht<\/p>\n<p>13.-14.09.2006 Ferienprogramm M\u00e4dchentage<\/p>\n<p>14.10.2006 Flohmarkt<\/p>\n<p>24.10.2006 Kickertunier im Jugendtreff<\/p>\n<p>09.-10.2006 Teilnahme am Weihnachtsmarkt in Neuenstadt Januar- Mitte M\u00e4rz Umbau\/ Renovierung neues Jugendhaus<\/p>\n<p>09.-10.12.2006 Mitarbeiterschulung in Heidenheim<\/p>\n<p>24.06.2006 Kanufahrt<\/p>\n<p>15.6.2006 Bewirtung am Tag der offenen T\u00fcr der JuLe Neuenstadt<\/p>\n<p>20.5.2006 Flohmarkt in der Dreschhalle<\/p>\n<p>13.5.2006 HipHop- Party<\/p>\n<p>04.06 Teilnahme an der M\u00fcllputzede<\/p>\n<p>02. und 03.2006 Lan- Partys<\/p>\n<p>02.2006 Zwei Theaterbesuche<\/p>\n<p>&nbsp;<\/p>\n<p><strong>2005<\/strong><\/p>\n<p>12.2005 Konzert im Jugendhaus mir anschlie\u00dfender Jamsession<\/p>\n<p>11.2005 Beteiligung am Weihnachtsmarkt in Neuenstadt<\/p>\n<p>10.2005 Flohmarkt<\/p>\n<p>Sommer 2005 Beteiligung am Kindersommerferienprogramm mit dem Jugendreferat (Gel\u00e4ndespiel im Wald, Lesenacht, M\u00e4dchentage)<\/p>\n<p>07.2005 Rockompott<\/p>\n<p>07.2005 Seminar in H\u00f6pfingen<\/p>\n<p>05.2005 Flohmarkt<\/p>\n<p>05.2005 Beteiligung am Stadtfest in Neuenstadt<\/p>\n<p>05.2005 HipHop- Event im Intz<\/p>\n<p>04.2005 Ausflug ins Bowling- Center<\/p>\n<p>04.2005 Jam- Session im Jugendtreff<\/p>\n<p>04.2005 M\u00fcllputzede mit der Agenda Neuenstadt<\/p>\n<p>02.2005 Theater Heilbronn<\/p>\n<p>&nbsp;<\/p>\n<p><strong>2004<\/strong><\/p>\n<p>16.10.2004 Flohmarkt in der Dreschhalle<\/p>\n<p>Helferfest inm Intz<\/p>\n<p>Diavortrag<\/p>\n<p>im Sommer fand Rockompott statt<\/p>\n<p>Pfingsten stand der Europabesuch an<\/p>\n<p>Projektarbeit Jugend und Politil<\/p>\n<p>Besuch im Heilbronner Theater<\/p>\n<p>im Jaunuar fand die ,,Hallo &#8211; Mimi &#8211; und &#8211; Tsch\u00fc\u00df + Danke &#8211; Olli Party statt&#8220;<\/p>\n<p>Beteiligung am Weihnachtsmarkt<\/p>\n<p>Weihnachten fand ein Rockkonzert im Intz statt<\/p>\n<p>Seminar in Hollerbach<\/p>\n<p>&nbsp;<\/p>\n<p><strong>\u00a02003<\/strong><\/p>\n<p>Seit diesem Jahr veranstaltet der Br\u00fcckend\u00e4chle e.V. ebenso verschieden(von Zeichentrick bis Action) Kinoabende.<\/p>\n<p>Am 4. September eine von Br\u00fccked\u00e4chle e.V. gestartete Radtour.<\/p>\n<p>Im September 2003 fand ein erneutes Mitarbeitergrillen statt.<\/p>\n<p>22.Juli fand die zum ersten mal organisierte school-is-out.party statt.<\/p>\n<p>Die Spielplatzkonzeption f\u00fcr Neuenstadt und seine Umgebung wurde im Juli von statten gebracht.<\/p>\n<p>Der Besuch im Europapark stand am 2.Juni an.<\/p>\n<p>Am 18.M\u00e4rz besuchte ein Teil vom intz das Heilbronner Theater und schaute sich gemeinsam das St\u00fcck ,Die Schaukel&#8216; an.<\/p>\n<p>&nbsp;<\/p>\n<p>&nbsp;<\/p>\n<p>&nbsp;<\/p>\n","protected":false},"excerpt":{"rendered":"<p>Das Ganze f\u00e4ngt mit den j\u00fcngsten vergangenen Aktionen an, also macht es durchaus Sinn, die Seite von unten nach oben zu lesen! (leider startet die Aufzeichnung erst 2007\u00a0 mit dem Umzug in die neuen R\u00e4ume in der \u00d6hringer Stra\u00dfe&#8230; aber wir arbeiten daran, auch \u00e4ltere Aktionen aufzulisten&#8230;) Jahresvorstandsbericht 2016: Der Jugendf\u00f6rderverein Br\u00fccked\u00e4chle e.V. hat bei &hellip;<\/p>\n","protected":false},"author":1,"featured_media":0,"parent":47,"menu_order":8,"comment_status":"closed","ping_status":"closed","template":"","meta":{"footnotes":"","_links_to":"","_links_to_target":""},"class_list":["post-19","page","type-page","status-publish","hentry"],"_links":{"self":[{"href":"https:\/\/www.jugendhaus-neuenstadt.de\/index.php?rest_route=\/wp\/v2\/pages\/19","targetHints":{"allow":["GET"]}}],"collection":[{"href":"https:\/\/www.jugendhaus-neuenstadt.de\/index.php?rest_route=\/wp\/v2\/pages"}],"about":[{"href":"https:\/\/www.jugendhaus-neuenstadt.de\/index.php?rest_route=\/wp\/v2\/types\/page"}],"author":[{"embeddable":true,"href":"https:\/\/www.jugendhaus-neuenstadt.de\/index.php?rest_route=\/wp\/v2\/users\/1"}],"replies":[{"embeddable":true,"href":"https:\/\/www.jugendhaus-neuenstadt.de\/index.php?rest_route=%2Fwp%2Fv2%2Fcomments&post=19"}],"version-history":[{"count":19,"href":"https:\/\/www.jugendhaus-neuenstadt.de\/index.php?rest_route=\/wp\/v2\/pages\/19\/revisions"}],"predecessor-version":[{"id":866,"href":"https:\/\/www.jugendhaus-neuenstadt.de\/index.php?rest_route=\/wp\/v2\/pages\/19\/revisions\/866"}],"up":[{"embeddable":true,"href":"https:\/\/www.jugendhaus-neuenstadt.de\/index.php?rest_route=\/wp\/v2\/pages\/47"}],"wp:attachment":[{"href":"https:\/\/www.jugendhaus-neuenstadt.de\/index.php?rest_route=%2Fwp%2Fv2%2Fmedia&parent=19"}],"curies":[{"name":"wp","href":"https:\/\/api.w.org\/{rel}","templated":true}]}}