{"id":15,"date":"2012-01-24T23:39:43","date_gmt":"2012-01-24T22:39:43","guid":{"rendered":"http:\/\/intz.d-krebs.de\/?page_id=15"},"modified":"2017-01-10T10:54:31","modified_gmt":"2017-01-10T09:54:31","slug":"impressum","status":"publish","type":"page","link":"https:\/\/www.jugendhaus-neuenstadt.de\/?page_id=15","title":{"rendered":"Impressum"},"content":{"rendered":"<p>Das Jugendhaus ist zu finden in der \u00d6hringer Str. 24 in 74196 Neuenstadt<br \/>\nintz.de \u00b7 Impressum<\/p>\n<p>Jugendf\u00f6rderverein Br\u00fccked\u00e4chle e.V. Neuenstadt a.K.<\/p>\n<p>vertreten durch\u00a0S\u00f6ren Obernd\u00f6rfer<\/p>\n<p>Postanschrift:<br \/>\n\u00d6hringer Str. 24<br \/>\n74196 Neuenstadt<\/p>\n<p>Vereinsregister des Amtsgerichtes Heilbronn VR 2803.<br \/>\nDie Eintragung erfolgte am 13. Juli 2001<\/p>\n<p>Disclaimer:<br \/>\nAlle Hyperlinks, die Sie auf\u00a0<a href=\"http:\/\/www.intz.de\/\">www.intz.de<\/a>\u00a0finden, wurden von uns bei der Erstellung der Seite gepr\u00fcft. Allerdings haben wir keinen Einfluss auf die Gestaltung und Inhalte der mittels Hyperlink verkn\u00fcpften Seiten. Sollten Hyperlinks nicht erreichbar sein, rechtswidrige Seiten \u00fcber die Hyperlinks abrufbar sein oder sich die auf den Seiten befindlichen Inhalte ge\u00e4ndert haben, bitten wir um eine Mitteilung an soeren@oberndoerfer.de.<\/p>\n","protected":false},"excerpt":{"rendered":"<p>Das Jugendhaus ist zu finden in der \u00d6hringer Str. 24 in 74196 Neuenstadt intz.de \u00b7 Impressum Jugendf\u00f6rderverein Br\u00fccked\u00e4chle e.V. Neuenstadt a.K. vertreten durch\u00a0S\u00f6ren Obernd\u00f6rfer Postanschrift: \u00d6hringer Str. 24 74196 Neuenstadt Vereinsregister des Amtsgerichtes Heilbronn VR 2803. Die Eintragung erfolgte am 13. Juli 2001 Disclaimer: Alle Hyperlinks, die Sie auf\u00a0www.intz.de\u00a0finden, wurden von uns bei der Erstellung &hellip;<\/p>\n","protected":false},"author":1,"featured_media":0,"parent":0,"menu_order":15,"comment_status":"closed","ping_status":"closed","template":"","meta":{"footnotes":"","_links_to":"","_links_to_target":""},"class_list":["post-15","page","type-page","status-publish","hentry"],"_links":{"self":[{"href":"https:\/\/www.jugendhaus-neuenstadt.de\/index.php?rest_route=\/wp\/v2\/pages\/15","targetHints":{"allow":["GET"]}}],"collection":[{"href":"https:\/\/www.jugendhaus-neuenstadt.de\/index.php?rest_route=\/wp\/v2\/pages"}],"about":[{"href":"https:\/\/www.jugendhaus-neuenstadt.de\/index.php?rest_route=\/wp\/v2\/types\/page"}],"author":[{"embeddable":true,"href":"https:\/\/www.jugendhaus-neuenstadt.de\/index.php?rest_route=\/wp\/v2\/users\/1"}],"replies":[{"embeddable":true,"href":"https:\/\/www.jugendhaus-neuenstadt.de\/index.php?rest_route=%2Fwp%2Fv2%2Fcomments&post=15"}],"version-history":[{"count":6,"href":"https:\/\/www.jugendhaus-neuenstadt.de\/index.php?rest_route=\/wp\/v2\/pages\/15\/revisions"}],"predecessor-version":[{"id":855,"href":"https:\/\/www.jugendhaus-neuenstadt.de\/index.php?rest_route=\/wp\/v2\/pages\/15\/revisions\/855"}],"wp:attachment":[{"href":"https:\/\/www.jugendhaus-neuenstadt.de\/index.php?rest_route=%2Fwp%2Fv2%2Fmedia&parent=15"}],"curies":[{"name":"wp","href":"https:\/\/api.w.org\/{rel}","templated":true}]}}